{"id":1665,"date":"2017-06-06T14:21:10","date_gmt":"2017-06-06T12:21:10","guid":{"rendered":"http:\/\/darro18.com\/?page_id=1665\/"},"modified":"2017-06-13T13:26:37","modified_gmt":"2017-06-13T11:26:37","slug":"perfil","status":"publish","type":"page","link":"https:\/\/darro18.com\/es\/perfil\/","title":{"rendered":"Perfil"},"content":{"rendered":"<p>Jos\u00e9 Luis Gahona y Juan Rodr\u00edguez-Villa fundan <strong>darro18 arquitectos<\/strong> en 2001 tras conocerse trabajando en el estudio de Rafael Moneo en Madrid; a partir de 2013, Jos\u00e9 Luis Gahona dirige el estudio de arquitectura. Desde el comienzo el estudio ha proyectado y construido edificios de calidad arquitect\u00f3nica proporcionando un servicio completo a los clientes.<\/p>\n<p><strong>darro18 arquitectos<\/strong> ha participado en numerosos concursos, ganando varios premios y menciones. Como resultado, el estudio ha realizado m\u00faltiples proyectos, incluyendo locales comerciales, viviendas exclusivas, edificios colectivos de viviendas y proyectos urban\u00edsticos de gran escala. <strong>darro18 arquitectos<\/strong> sigue manteniendo el esp\u00edritu original proyectando edificios y espacios de calidad con atenci\u00f3n al \u00faltimo detalle.<\/p>\n<p><strong>darro18 arquitectos<\/strong> establece un v\u00ednculo personal con el cliente, ofreciendo asesor\u00eda en relaci\u00f3n a las necesidades de la propiedad e implementando todos los ajustes necesarios al proyecto. <strong>darro18 arquitectos<\/strong> gestiona los proyectos t\u00e9cnicos desde la fase de dise\u00f1o hasta el final de la obra, coordinando ingenieros, arquitectos, paisajistas y contratistas de obra para lograr un producto final de la m\u00e1s alta calidad.<\/p>\n","protected":false},"excerpt":{"rendered":"<p>Jos\u00e9 Luis Gahona y Juan Rodr\u00edguez-Villa fundan darro18 arquitectos en 2001 tras conocerse trabajando en el estudio de Rafael Moneo en Madrid; a partir de 2013, Jos\u00e9 Luis Gahona dirige el estudio de arquitectura. Desde el comienzo el estudio ha proyectado y construido edificios de calidad arquitect\u00f3nica proporcionando un servicio completo a los clientes. darro18..<\/p>\n","protected":false},"author":1,"featured_media":0,"parent":0,"menu_order":0,"comment_status":"closed","ping_status":"closed","template":"","meta":{"footnotes":""},"yoast_head":"<!-- This site is optimized with the Yoast SEO plugin v22.4 - https:\/\/yoast.com\/wordpress\/plugins\/seo\/ -->\n<title>Perfil | darro18 arquitectos<\/title>\n<meta name=\"robots\" content=\"index, follow, max-snippet:-1, max-image-preview:large, max-video-preview:-1\" \/>\n<meta property=\"og:locale\" content=\"es_ES\" \/>\n<meta property=\"og:type\" content=\"article\" \/>\n<meta property=\"og:title\" content=\"Perfil | darro18 arquitectos\" \/>\n<meta property=\"og:description\" content=\"Jos\u00e9 Luis Gahona y Juan Rodr\u00edguez-Villa fundan darro18 arquitectos en 2001 tras conocerse trabajando en el estudio de Rafael Moneo en Madrid; a partir de 2013, Jos\u00e9 Luis Gahona dirige el estudio de arquitectura. Desde el comienzo el estudio ha proyectado y construido edificios de calidad arquitect\u00f3nica proporcionando un servicio completo a los clientes. darro18..\" \/>\n<meta property=\"og:url\" content=\"https:\/\/darro18.com\/es\/perfil\/\" \/>\n<meta property=\"og:site_name\" content=\"darro18 arquitectos\" \/>\n<meta property=\"article:modified_time\" content=\"2017-06-13T11:26:37+00:00\" \/>\n<meta name=\"twitter:card\" content=\"summary_large_image\" \/>\n<meta name=\"twitter:label1\" content=\"Tiempo de lectura\" \/>\n\t<meta name=\"twitter:data1\" content=\"1 minuto\" \/>\n<script type=\"application\/ld+json\" class=\"yoast-schema-graph\">{\"@context\":\"https:\/\/schema.org\",\"@graph\":[{\"@type\":\"WebPage\",\"@id\":\"https:\/\/darro18.com\/es\/perfil\/\",\"url\":\"https:\/\/darro18.com\/es\/perfil\/\",\"name\":\"Perfil | darro18 arquitectos\",\"isPartOf\":{\"@id\":\"https:\/\/darro18.com\/#website\"},\"datePublished\":\"2017-06-06T12:21:10+00:00\",\"dateModified\":\"2017-06-13T11:26:37+00:00\",\"breadcrumb\":{\"@id\":\"https:\/\/darro18.com\/es\/perfil\/#breadcrumb\"},\"inLanguage\":\"es\",\"potentialAction\":[{\"@type\":\"ReadAction\",\"target\":[\"https:\/\/darro18.com\/es\/perfil\/\"]}]},{\"@type\":\"BreadcrumbList\",\"@id\":\"https:\/\/darro18.com\/es\/perfil\/#breadcrumb\",\"itemListElement\":[{\"@type\":\"ListItem\",\"position\":1,\"name\":\"Home\",\"item\":\"https:\/\/darro18.com\/es\/home\/\"},{\"@type\":\"ListItem\",\"position\":2,\"name\":\"Perfil\"}]},{\"@type\":\"WebSite\",\"@id\":\"https:\/\/darro18.com\/#website\",\"url\":\"https:\/\/darro18.com\/\",\"name\":\"darro18 arquitectos\",\"description\":\"\",\"publisher\":{\"@id\":\"https:\/\/darro18.com\/#organization\"},\"potentialAction\":[{\"@type\":\"SearchAction\",\"target\":{\"@type\":\"EntryPoint\",\"urlTemplate\":\"https:\/\/darro18.com\/?s={search_term_string}\"},\"query-input\":\"required name=search_term_string\"}],\"inLanguage\":\"es\"},{\"@type\":\"Organization\",\"@id\":\"https:\/\/darro18.com\/#organization\",\"name\":\"darro18 arquitectos\",\"url\":\"https:\/\/darro18.com\/\",\"logo\":{\"@type\":\"ImageObject\",\"inLanguage\":\"es\",\"@id\":\"https:\/\/darro18.com\/#\/schema\/logo\/image\/\",\"url\":\"https:\/\/darro18.com\/wp-content\/uploads\/2017\/01\/logo-darro18-black.png\",\"contentUrl\":\"https:\/\/darro18.com\/wp-content\/uploads\/2017\/01\/logo-darro18-black.png\",\"width\":714,\"height\":95,\"caption\":\"darro18 arquitectos\"},\"image\":{\"@id\":\"https:\/\/darro18.com\/#\/schema\/logo\/image\/\"},\"sameAs\":[\"https:\/\/www.linkedin.com\/company\/darro18-arquitectos\"]}]}<\/script>\n<!-- \/ Yoast SEO plugin. -->","yoast_head_json":{"title":"Perfil | darro18 arquitectos","robots":{"index":"index","follow":"follow","max-snippet":"max-snippet:-1","max-image-preview":"max-image-preview:large","max-video-preview":"max-video-preview:-1"},"og_locale":"es_ES","og_type":"article","og_title":"Perfil | darro18 arquitectos","og_description":"Jos\u00e9 Luis Gahona y Juan Rodr\u00edguez-Villa fundan darro18 arquitectos en 2001 tras conocerse trabajando en el estudio de Rafael Moneo en Madrid; a partir de 2013, Jos\u00e9 Luis Gahona dirige el estudio de arquitectura. Desde el comienzo el estudio ha proyectado y construido edificios de calidad arquitect\u00f3nica proporcionando un servicio completo a los clientes. darro18..","og_url":"https:\/\/darro18.com\/es\/perfil\/","og_site_name":"darro18 arquitectos","article_modified_time":"2017-06-13T11:26:37+00:00","twitter_card":"summary_large_image","twitter_misc":{"Tiempo de lectura":"1 minuto"},"schema":{"@context":"https:\/\/schema.org","@graph":[{"@type":"WebPage","@id":"https:\/\/darro18.com\/es\/perfil\/","url":"https:\/\/darro18.com\/es\/perfil\/","name":"Perfil | darro18 arquitectos","isPartOf":{"@id":"https:\/\/darro18.com\/#website"},"datePublished":"2017-06-06T12:21:10+00:00","dateModified":"2017-06-13T11:26:37+00:00","breadcrumb":{"@id":"https:\/\/darro18.com\/es\/perfil\/#breadcrumb"},"inLanguage":"es","potentialAction":[{"@type":"ReadAction","target":["https:\/\/darro18.com\/es\/perfil\/"]}]},{"@type":"BreadcrumbList","@id":"https:\/\/darro18.com\/es\/perfil\/#breadcrumb","itemListElement":[{"@type":"ListItem","position":1,"name":"Home","item":"https:\/\/darro18.com\/es\/home\/"},{"@type":"ListItem","position":2,"name":"Perfil"}]},{"@type":"WebSite","@id":"https:\/\/darro18.com\/#website","url":"https:\/\/darro18.com\/","name":"darro18 arquitectos","description":"","publisher":{"@id":"https:\/\/darro18.com\/#organization"},"potentialAction":[{"@type":"SearchAction","target":{"@type":"EntryPoint","urlTemplate":"https:\/\/darro18.com\/?s={search_term_string}"},"query-input":"required name=search_term_string"}],"inLanguage":"es"},{"@type":"Organization","@id":"https:\/\/darro18.com\/#organization","name":"darro18 arquitectos","url":"https:\/\/darro18.com\/","logo":{"@type":"ImageObject","inLanguage":"es","@id":"https:\/\/darro18.com\/#\/schema\/logo\/image\/","url":"https:\/\/darro18.com\/wp-content\/uploads\/2017\/01\/logo-darro18-black.png","contentUrl":"https:\/\/darro18.com\/wp-content\/uploads\/2017\/01\/logo-darro18-black.png","width":714,"height":95,"caption":"darro18 arquitectos"},"image":{"@id":"https:\/\/darro18.com\/#\/schema\/logo\/image\/"},"sameAs":["https:\/\/www.linkedin.com\/company\/darro18-arquitectos"]}]}},"_links":{"self":[{"href":"https:\/\/darro18.com\/es\/wp-json\/wp\/v2\/pages\/1665"}],"collection":[{"href":"https:\/\/darro18.com\/es\/wp-json\/wp\/v2\/pages"}],"about":[{"href":"https:\/\/darro18.com\/es\/wp-json\/wp\/v2\/types\/page"}],"author":[{"embeddable":true,"href":"https:\/\/darro18.com\/es\/wp-json\/wp\/v2\/users\/1"}],"replies":[{"embeddable":true,"href":"https:\/\/darro18.com\/es\/wp-json\/wp\/v2\/comments?post=1665"}],"version-history":[{"count":7,"href":"https:\/\/darro18.com\/es\/wp-json\/wp\/v2\/pages\/1665\/revisions"}],"predecessor-version":[{"id":1898,"href":"https:\/\/darro18.com\/es\/wp-json\/wp\/v2\/pages\/1665\/revisions\/1898"}],"wp:attachment":[{"href":"https:\/\/darro18.com\/es\/wp-json\/wp\/v2\/media?parent=1665"}],"curies":[{"name":"wp","href":"https:\/\/api.w.org\/{rel}","templated":true}]}}